{"id":1709,"date":"2024-07-23T01:08:39","date_gmt":"2024-07-22T23:08:39","guid":{"rendered":"https:\/\/tiersine.com\/?page_id=1709"},"modified":"2024-07-25T00:39:56","modified_gmt":"2024-07-24T22:39:56","slug":"elementor-1709","status":"publish","type":"page","link":"https:\/\/tiersine.com\/?page_id=1709&lang=fr","title":{"rendered":"Qui suis-je?"},"content":{"rendered":"\t\t<div data-elementor-type=\"wp-page\" data-elementor-id=\"1709\" class=\"elementor elementor-1709\" data-elementor-post-type=\"page\">\n\t\t\t\t<div class=\"elementor-element elementor-element-1b31e56 e-flex e-con-boxed e-con e-parent\" data-id=\"1b31e56\" data-element_type=\"container\" data-e-type=\"container\">\n\t\t\t\t\t<div class=\"e-con-inner\">\n\t\t<div class=\"elementor-element elementor-element-361bb2f e-con-full e-flex e-con e-child\" data-id=\"361bb2f\" data-element_type=\"container\" data-e-type=\"container\">\n\t\t\t\t<div class=\"elementor-element elementor-element-b0135c1 elementor-widget elementor-widget-image\" data-id=\"b0135c1\" data-element_type=\"widget\" data-e-type=\"widget\" data-widget_type=\"image.default\">\n\t\t\t\t<div class=\"elementor-widget-container\">\n\t\t\t\t\t\t\t\t\t\t\t\t\t\t\t<img fetchpriority=\"high\" decoding=\"async\" width=\"1135\" height=\"2048\" src=\"https:\/\/tiersine.com\/wp-content\/uploads\/2024\/06\/20230826_111922-1135x2048.jpg\" class=\"attachment-2048x2048 size-2048x2048 wp-image-1444\" alt=\"\" srcset=\"https:\/\/tiersine.com\/wp-content\/uploads\/2024\/06\/20230826_111922-1135x2048.jpg 1135w, https:\/\/tiersine.com\/wp-content\/uploads\/2024\/06\/20230826_111922-166x300.jpg 166w, https:\/\/tiersine.com\/wp-content\/uploads\/2024\/06\/20230826_111922-568x1024.jpg 568w, https:\/\/tiersine.com\/wp-content\/uploads\/2024\/06\/20230826_111922-768x1386.jpg 768w, https:\/\/tiersine.com\/wp-content\/uploads\/2024\/06\/20230826_111922-851x1536.jpg 851w, https:\/\/tiersine.com\/wp-content\/uploads\/2024\/06\/20230826_111922-600x1083.jpg 600w, https:\/\/tiersine.com\/wp-content\/uploads\/2024\/06\/20230826_111922-scaled.jpg 1419w\" sizes=\"(max-width: 1135px) 100vw, 1135px\" \/>\t\t\t\t\t\t\t\t\t\t\t\t\t\t\t<\/div>\n\t\t\t\t<\/div>\n\t\t\t\t<div class=\"elementor-element elementor-element-9529f9d elementor-widget elementor-widget-image\" data-id=\"9529f9d\" data-element_type=\"widget\" data-e-type=\"widget\" data-widget_type=\"image.default\">\n\t\t\t\t<div class=\"elementor-widget-container\">\n\t\t\t\t\t\t\t\t\t\t\t\t\t\t\t<img decoding=\"async\" width=\"768\" height=\"1024\" src=\"https:\/\/tiersine.com\/wp-content\/uploads\/2024\/06\/20230218_142751-768x1024.jpg\" class=\"attachment-large size-large wp-image-1449\" alt=\"\" srcset=\"https:\/\/tiersine.com\/wp-content\/uploads\/2024\/06\/20230218_142751-768x1024.jpg 768w, https:\/\/tiersine.com\/wp-content\/uploads\/2024\/06\/20230218_142751-225x300.jpg 225w, https:\/\/tiersine.com\/wp-content\/uploads\/2024\/06\/20230218_142751-1152x1536.jpg 1152w, https:\/\/tiersine.com\/wp-content\/uploads\/2024\/06\/20230218_142751-1536x2048.jpg 1536w, https:\/\/tiersine.com\/wp-content\/uploads\/2024\/06\/20230218_142751-600x800.jpg 600w, https:\/\/tiersine.com\/wp-content\/uploads\/2024\/06\/20230218_142751-scaled.jpg 1920w\" sizes=\"(max-width: 768px) 100vw, 768px\" \/>\t\t\t\t\t\t\t\t\t\t\t\t\t\t\t<\/div>\n\t\t\t\t<\/div>\n\t\t\t\t<div class=\"elementor-element elementor-element-7b7759c elementor-widget elementor-widget-image\" data-id=\"7b7759c\" data-element_type=\"widget\" data-e-type=\"widget\" data-widget_type=\"image.default\">\n\t\t\t\t<div class=\"elementor-widget-container\">\n\t\t\t\t\t\t\t\t\t\t\t\t\t\t\t<img decoding=\"async\" width=\"683\" height=\"1024\" src=\"https:\/\/tiersine.com\/wp-content\/uploads\/2024\/07\/pexels-photo-19920645-19920645-683x1024.jpg\" class=\"attachment-large size-large wp-image-1837\" alt=\"pexels-photo-19920645-19920645.jpg\" srcset=\"https:\/\/tiersine.com\/wp-content\/uploads\/2024\/07\/pexels-photo-19920645-19920645-683x1024.jpg 683w, https:\/\/tiersine.com\/wp-content\/uploads\/2024\/07\/pexels-photo-19920645-19920645-200x300.jpg 200w, https:\/\/tiersine.com\/wp-content\/uploads\/2024\/07\/pexels-photo-19920645-19920645-600x900.jpg 600w, https:\/\/tiersine.com\/wp-content\/uploads\/2024\/07\/pexels-photo-19920645-19920645.jpg 700w\" sizes=\"(max-width: 683px) 100vw, 683px\" \/>\t\t\t\t\t\t\t\t\t\t\t\t\t\t\t<\/div>\n\t\t\t\t<\/div>\n\t\t\t\t<\/div>\n\t\t<div class=\"elementor-element elementor-element-204d8e3 e-con-full e-flex e-con e-child\" data-id=\"204d8e3\" data-element_type=\"container\" data-e-type=\"container\">\n\t\t\t\t<\/div>\n\t\t<div class=\"elementor-element elementor-element-7300dc9 e-con-full e-flex e-con e-child\" data-id=\"7300dc9\" data-element_type=\"container\" data-e-type=\"container\">\n\t\t<div class=\"elementor-element elementor-element-f6faf14 e-flex e-con-boxed e-con e-child\" data-id=\"f6faf14\" data-element_type=\"container\" data-e-type=\"container\">\n\t\t\t\t\t<div class=\"e-con-inner\">\n\t\t\t\t<div class=\"elementor-element elementor-element-806feb2 elementor-widget elementor-widget-text-editor\" data-id=\"806feb2\" data-element_type=\"widget\" data-e-type=\"widget\" data-widget_type=\"text-editor.default\">\n\t\t\t\t<div class=\"elementor-widget-container\">\n\t\t\t\t\t\t\t\t\t<p>La naissance de Tiersine<\/p>\t\t\t\t\t\t\t\t<\/div>\n\t\t\t\t<\/div>\n\t\t\t\t\t<\/div>\n\t\t\t\t<\/div>\n\t\t<div class=\"elementor-element elementor-element-6d8d57d e-flex e-con-boxed e-con e-child\" data-id=\"6d8d57d\" data-element_type=\"container\" data-e-type=\"container\">\n\t\t\t\t\t<div class=\"e-con-inner\">\n\t\t\t\t<div class=\"elementor-element elementor-element-e0f885d elementor-widget elementor-widget-text-editor\" data-id=\"e0f885d\" data-element_type=\"widget\" data-e-type=\"widget\" data-widget_type=\"text-editor.default\">\n\t\t\t\t<div class=\"elementor-widget-container\">\n\t\t\t\t\t\t\t\t\t<p>Je m&#8217;appelle Caroline et je tombe dans la cat\u00e9gorie de ce qu&#8217;on nomme commun\u00e9ment&nbsp; &#8220;les enfants indigos&#8221;, ceux et celles qui sont venus apporter un regard diff\u00e9rent sur le monde, souvent en d\u00e9calage avec la soci\u00e9t\u00e9 actuelle.&nbsp;<\/p>\n<p>M\u00e9dium de naissance, j&#8217;ai toujours \u00e9t\u00e9 connect\u00e9e \u00e0 l&#8217;invisible, guid\u00e9e par une intuition profonde depuis mon plus jeune \u00e2ge. Ce chemin m&#8217;a tr\u00e8s rapidement men\u00e9 vers le tarot et l&#8217;astrologie, et \u00e9galement l&#8217;astrologie v\u00e9dique que j&#8217;ai pu explorer pendant quelques ann\u00e9es. Depuis l&#8217;enfance, j&#8217;ai pu d\u00e9couvrir des capacit\u00e9s \u00e0 percevoir des \u00e9nergies, ainsi que des connaissances venant d&#8217;au-del\u00e0 du monde mat\u00e9riel et physique, un don qui a pu me guider dans un profond voyage de d\u00e9couverte de soi et de croissance spirituelle.&nbsp; Aujourd&#8217;hui, je me consacre \u00e0 aider les autres \u00e0 d\u00e9couvrir leur propre chemin, en accord avec leur \u00eatre profond et mission de vie.&nbsp;&nbsp;<\/p>\n<p>Depuis l&#8217;enfance, j&#8217;\u00e9tais consciente de mes perceptions extrasensorielles, et je pensais que tout le monde les avaient, que tout le monde vivait entre plusieurs r\u00e9alit\u00e9s, et je fus choqu\u00e9e et confuse de voir, par la suite, que ceci n&#8217;\u00e9tait pas le cas, ce qui me plongea dans un profond sentiment de solitude. Mes exp\u00e9riences furent marqu\u00e9es par des r\u00eaves pr\u00e9monitoires, des messages, des visions, des connaissances intuitives, ainsi qu&#8217;une profonde connexion avec les \u00e9nergies qui nous entourent. Ces exp\u00e9riences m&#8217;ont amen\u00e9e \u00e0 explorer et d\u00e9velopper mes facult\u00e9s psychiques, \u00e0 interpr\u00e9ter et d\u00e9coder les messages subtils de l&#8217;univers, \u00e0 \u00e9tudier profond\u00e9ment la sagesse du tarot, la symbolique des astres, ainsi que d&#8217;autres outils permettant d&#8217;aider mes proches et les personnes ayant besoin de guidance.&nbsp;&nbsp;<br>Je me suis toujours sentie comme une \u00e9trang\u00e8re dans ce monde particuli\u00e8rement difficile, j&#8217;ai \u00e9galement souvent \u00e9t\u00e9 ridiculis\u00e9e par les personnes dans mon entourage, car je n&#8217;\u00e9tais pas dans le moule soci\u00e9tal rationnel et mat\u00e9rialiste.<\/p>\n<p>Au fil des d\u00e9cennies, j&#8217;ai pu perfectionner mes comp\u00e9tences gr\u00e2ce \u00e0 la pratique de divers outils, des \u00e9tudes approfondies, ainsi qu&#8217;un profond travail en d\u00e9veloppement psychologique&nbsp; personnel et spirituel.&nbsp; &nbsp;<br>Dans mon parcours, j&#8217;ai eu la chance de rencontrer des enseignants formidables qui ont chang\u00e9 ma vie, tels que Swami Shankarananda Giri en Inde (Kriya yoga), Margot Dorren \u00e0 Anvers (tarologie), Martin Brofman (syst\u00e8me corps miroir), Lisyanne Lacombe-Pesenti (astrologie), Daniel Kieffer (Cenatho), &#8230;., le &#8220;American Institute for Vedic studies&#8221;, &#8230;.<br>Apr\u00e8s des \u00e9tudes en communication et en langues, j&#8217;ai obtenu le dipl\u00f4me en naturopathie holistique du Cenatho \u00e0 Paris, une certification en Green Yoga (C\u00e9line Miconnet), une certification en sophrologie cayc\u00e9dienne, ainsi que l&#8217;affiliation \u00e0 l&#8217;institut&nbsp; Hippocrates Wellness en Floride en tant qu&#8217;\u00e9ducateur de sant\u00e9.<\/p>\n<p>Aujourd&#8217;hui, je vous aide \u00e0 vous accomplir en tant que coach, astrologue et tarologue, par le biais de sessions individualis\u00e9es, avec empathie, intuition et perspicacit\u00e9, afin de pouvoir vous guider vers votre plein potentiel \u00e0 un niveau holistique.&nbsp;&nbsp;<\/p>\n<p>Tiersine est la rivi\u00e8re sacr\u00e9e de la connaissance de soi, le sanctuaire de paix et d&#8217;enracinement qui m&#8217;a guid\u00e9e vers la cr\u00e9ation de cette plateform, qui est d\u00e9di\u00e9e \u00e0 vous tous, les lecteurs et chercheurs de v\u00e9rit\u00e9. J&#8217;esp\u00e8re que Tiersine pourra aider toutes ces \u00e2mes chercheuses, et c&#8217;est \u00e0 travers cette source que je m&#8217;engage \u00e0 vous guider \u00e0 travers vos difficult\u00e9s,&nbsp; afin que vous puissiez pleinement arriver \u00e0 votre plein potentiel et atteindre votre mission de vie.&nbsp;<br><span style=\"font-style: inherit; font-weight: inherit; color: var( --e-global-color-astglobalcolor2 ); text-align: var(--text-align); background-color: var(--ast-global-color-4); text-decoration-line: initial;\"><br>D\u00e9cryptez la sagesse de l&#8217;univers et lib\u00e9rez votre v\u00e9ritable potentiel. Embarquons ensemble vers votre mission d&#8217;\u00e2me, \u00e0 travers un voyage de d\u00e9couverte de soi, de clart\u00e9 et d&#8217;autonomisation.<\/span><\/p>\t\t\t\t\t\t\t\t<\/div>\n\t\t\t\t<\/div>\n\t\t\t\t\t<\/div>\n\t\t\t\t<\/div>\n\t\t\t\t<\/div>\n\t\t\t\t\t<\/div>\n\t\t\t\t<\/div>\n\t\t<div class=\"elementor-element elementor-element-8c202d6 e-flex e-con-boxed e-con e-parent\" data-id=\"8c202d6\" data-element_type=\"container\" data-e-type=\"container\">\n\t\t\t\t\t<div class=\"e-con-inner\">\n\t\t\t\t<div class=\"elementor-element elementor-element-fea259c elementor-widget elementor-widget-heading\" data-id=\"fea259c\" data-element_type=\"widget\" data-e-type=\"widget\" data-widget_type=\"heading.default\">\n\t\t\t\t<div class=\"elementor-widget-container\">\n\t\t\t\t\t<h2 class=\"elementor-heading-title elementor-size-default\"><a href=\"https:\/\/tiersine.com\/?page_id=9\">Prendre rendez-vous <br><br><br><br><br><\/a><\/h2>\t\t\t\t<\/div>\n\t\t\t\t<\/div>\n\t\t\t\t\t<\/div>\n\t\t\t\t<\/div>\n\t\t\t\t<\/div>\n\t\t","protected":false},"excerpt":{"rendered":"<p>La naissance de Tiersine Je m&#8217;appelle Caroline et je tombe dans la cat\u00e9gorie de ce qu&#8217;on nomme commun\u00e9ment&nbsp; &#8220;les enfants [&hellip;]<\/p>\n","protected":false},"author":1,"featured_media":0,"parent":0,"menu_order":1,"comment_status":"closed","ping_status":"closed","template":"elementor_header_footer","meta":{"_uag_custom_page_level_css":"","_monsterinsights_skip_tracking":false,"_monsterinsights_sitenote_active":false,"_monsterinsights_sitenote_note":"","_monsterinsights_sitenote_category":0,"_uf_show_specific_survey":0,"_uf_disable_surveys":false,"site-sidebar-layout":"no-sidebar","site-content-layout":"page-builder","ast-site-content-layout":"full-width-container","site-content-style":"unboxed","site-sidebar-style":"unboxed","ast-global-header-display":"","ast-banner-title-visibility":"","ast-main-header-display":"","ast-hfb-above-header-display":"","ast-hfb-below-header-display":"","ast-hfb-mobile-header-display":"","site-post-title":"disabled","ast-breadcrumbs-content":"","ast-featured-img":"disabled","footer-sml-layout":"","theme-transparent-header-meta":"enabled","adv-header-id-meta":"","stick-header-meta":"","header-above-stick-meta":"","header-main-stick-meta":"","header-below-stick-meta":"","astra-migrate-meta-layouts":"set","ast-page-background-enabled":"default","ast-page-background-meta":{"desktop":{"background-color":"var(--ast-global-color-4)","background-image":"","background-repeat":"repeat","background-position":"center center","background-size":"auto","background-attachment":"scroll","background-type":"","background-media":"","overlay-type":"","overlay-color":"","overlay-opacity":"","overlay-gradient":""},"tablet":{"background-color":"","background-image":"","background-repeat":"repeat","background-position":"center center","background-size":"auto","background-attachment":"scroll","background-type":"","background-media":"","overlay-type":"","overlay-color":"","overlay-opacity":"","overlay-gradient":""},"mobile":{"background-color":"","background-image":"","background-repeat":"repeat","background-position":"center center","background-size":"auto","background-attachment":"scroll","background-type":"","background-media":"","overlay-type":"","overlay-color":"","overlay-opacity":"","overlay-gradient":""}},"ast-content-background-meta":{"desktop":{"background-color":"var(--ast-global-color-5)","background-image":"","background-repeat":"repeat","background-position":"center center","background-size":"auto","background-attachment":"scroll","background-type":"","background-media":"","overlay-type":"","overlay-color":"","overlay-opacity":"","overlay-gradient":""},"tablet":{"background-color":"var(--ast-global-color-5)","background-image":"","background-repeat":"repeat","background-position":"center center","background-size":"auto","background-attachment":"scroll","background-type":"","background-media":"","overlay-type":"","overlay-color":"","overlay-opacity":"","overlay-gradient":""},"mobile":{"background-color":"var(--ast-global-color-5)","background-image":"","background-repeat":"repeat","background-position":"center center","background-size":"auto","background-attachment":"scroll","background-type":"","background-media":"","overlay-type":"","overlay-color":"","overlay-opacity":"","overlay-gradient":""}},"footnotes":""},"class_list":["post-1709","page","type-page","status-publish","hentry"],"aioseo_notices":[],"uagb_featured_image_src":{"full":false,"thumbnail":false,"medium":false,"medium_large":false,"large":false,"1536x1536":false,"2048x2048":false,"woocommerce_thumbnail":false,"woocommerce_single":false,"woocommerce_gallery_thumbnail":false},"uagb_author_info":{"display_name":"Yogini","author_link":"https:\/\/tiersine.com\/?author=1"},"uagb_comment_info":0,"uagb_excerpt":"La naissance de Tiersine Je m&#8217;appelle Caroline et je tombe dans la cat\u00e9gorie de ce qu&#8217;on nomme commun\u00e9ment&nbsp; &#8220;les enfants [&hellip;]","_links":{"self":[{"href":"https:\/\/tiersine.com\/index.php?rest_route=\/wp\/v2\/pages\/1709","targetHints":{"allow":["GET"]}}],"collection":[{"href":"https:\/\/tiersine.com\/index.php?rest_route=\/wp\/v2\/pages"}],"about":[{"href":"https:\/\/tiersine.com\/index.php?rest_route=\/wp\/v2\/types\/page"}],"author":[{"embeddable":true,"href":"https:\/\/tiersine.com\/index.php?rest_route=\/wp\/v2\/users\/1"}],"replies":[{"embeddable":true,"href":"https:\/\/tiersine.com\/index.php?rest_route=%2Fwp%2Fv2%2Fcomments&post=1709"}],"version-history":[{"count":21,"href":"https:\/\/tiersine.com\/index.php?rest_route=\/wp\/v2\/pages\/1709\/revisions"}],"predecessor-version":[{"id":1840,"href":"https:\/\/tiersine.com\/index.php?rest_route=\/wp\/v2\/pages\/1709\/revisions\/1840"}],"wp:attachment":[{"href":"https:\/\/tiersine.com\/index.php?rest_route=%2Fwp%2Fv2%2Fmedia&parent=1709"}],"curies":[{"name":"wp","href":"https:\/\/api.w.org\/{rel}","templated":true}]}}