{"id":1512,"date":"2024-06-30T03:07:54","date_gmt":"2024-06-30T01:07:54","guid":{"rendered":"https:\/\/tiersine.com\/?post_type=product&#038;p=1512"},"modified":"2024-07-25T19:23:52","modified_gmt":"2024-07-25T17:23:52","slug":"astrological-birth-chart","status":"publish","type":"product","link":"https:\/\/tiersine.com\/?product=astrological-birth-chart","title":{"rendered":"Astrological birth chart \/ Th\u00e8me astrologique de naissance"},"content":{"rendered":"<p>The natal chart is a map of the sky at the exact moment and location of your birth, offering insights into various aspects your personality, strengths and weaknesses, life path and karmic patterns.<br \/>\nAfter payment, you will be sent a calendar to make an appointment with me, and I will also ask you for your birth details.<\/p>\n<p><span style=\"font-size: 16px;\">Le th\u00e8me natal est une carte du ciel au moment exact de votre naissance.<br \/>\nIl vous apporte un maximum de renseignements concernant votre personnalit\u00e9, vos d\u00e9fis, votre mission de vie, ainsi que votre histoire karmique.<br \/>\nApr\u00e8s le paiement, vous recevrez un calendrier pour prendre rendez-vous, et je vous demanderai \u00e9galement vos coordonn\u00e9es de naissance.\u00a0<\/span><\/p>\n","protected":false},"excerpt":{"rendered":"<p>The natal chart is a map of the sky at the exact moment and location of your birth, offering insights into various aspects your personality, strengths and weaknesses, life path and karmic patterns.<br \/>\nAfter payment, you will be sent a calendar to make an appointment with me, and I will also ask you for your birth details.<\/p>\n<p><span style=\"font-size: 16px;\">Le th\u00e8me natal est une carte du ciel au moment exact de votre naissance.<br \/>\nIl vous apporte un maximum de renseignements concernant votre personnalit\u00e9, vos d\u00e9fis, votre mission de vie, ainsi que votre histoire karmique.<br \/>\nApr\u00e8s le paiement, vous recevrez un calendrier pour prendre rendez-vous, et je vous demanderai \u00e9galement vos coordonn\u00e9es de naissance.\u00a0<\/span><\/p>\n","protected":false},"featured_media":1534,"template":"","meta":{"_uag_custom_page_level_css":"","_monsterinsights_skip_tracking":false,"_monsterinsights_sitenote_active":false,"_monsterinsights_sitenote_note":"","_monsterinsights_sitenote_category":0,"_uf_show_specific_survey":0,"_uf_disable_surveys":false,"site-sidebar-layout":"default","site-content-layout":"","ast-site-content-layout":"default","site-content-style":"default","site-sidebar-style":"default","ast-global-header-display":"","ast-banner-title-visibility":"","ast-main-header-display":"","ast-hfb-above-header-display":"","ast-hfb-below-header-display":"","ast-hfb-mobile-header-display":"","site-post-title":"","ast-breadcrumbs-content":"","ast-featured-img":"","footer-sml-layout":"","theme-transparent-header-meta":"default","adv-header-id-meta":"","stick-header-meta":"","header-above-stick-meta":"","header-main-stick-meta":"","header-below-stick-meta":"","astra-migrate-meta-layouts":"set","ast-page-background-enabled":"default","ast-page-background-meta":{"desktop":{"background-color":"var(--ast-global-color-4)","background-image":"","background-repeat":"repeat","background-position":"center center","background-size":"auto","background-attachment":"scroll","background-type":"","background-media":"","overlay-type":"","overlay-color":"","overlay-opacity":"","overlay-gradient":""},"tablet":{"background-color":"","background-image":"","background-repeat":"repeat","background-position":"center center","background-size":"auto","background-attachment":"scroll","background-type":"","background-media":"","overlay-type":"","overlay-color":"","overlay-opacity":"","overlay-gradient":""},"mobile":{"background-color":"","background-image":"","background-repeat":"repeat","background-position":"center center","background-size":"auto","background-attachment":"scroll","background-type":"","background-media":"","overlay-type":"","overlay-color":"","overlay-opacity":"","overlay-gradient":""}},"ast-content-background-meta":{"desktop":{"background-color":"var(--ast-global-color-5)","background-image":"","background-repeat":"repeat","background-position":"center center","background-size":"auto","background-attachment":"scroll","background-type":"","background-media":"","overlay-type":"","overlay-color":"","overlay-opacity":"","overlay-gradient":""},"tablet":{"background-color":"var(--ast-global-color-5)","background-image":"","background-repeat":"repeat","background-position":"center center","background-size":"auto","background-attachment":"scroll","background-type":"","background-media":"","overlay-type":"","overlay-color":"","overlay-opacity":"","overlay-gradient":""},"mobile":{"background-color":"var(--ast-global-color-5)","background-image":"","background-repeat":"repeat","background-position":"center center","background-size":"auto","background-attachment":"scroll","background-type":"","background-media":"","overlay-type":"","overlay-color":"","overlay-opacity":"","overlay-gradient":""}}},"product_brand":[],"product_cat":[15],"product_tag":[],"class_list":{"0":"post-1512","1":"product","2":"type-product","3":"status-publish","4":"has-post-thumbnail","6":"product_cat-non-classe","7":"desktop-align-left","8":"tablet-align-left","9":"mobile-align-left","11":"first","12":"instock","13":"virtual","14":"purchasable","15":"product-type-simple"},"aioseo_notices":[],"uagb_featured_image_src":{"full":["https:\/\/tiersine.com\/wp-content\/uploads\/2024\/06\/space-night-sky-mountains-5529802.jpg",1067,1280,false],"thumbnail":["https:\/\/tiersine.com\/wp-content\/uploads\/2024\/06\/space-night-sky-mountains-5529802-150x150.jpg",150,150,true],"medium":["https:\/\/tiersine.com\/wp-content\/uploads\/2024\/06\/space-night-sky-mountains-5529802-250x300.jpg",250,300,true],"medium_large":["https:\/\/tiersine.com\/wp-content\/uploads\/2024\/06\/space-night-sky-mountains-5529802-768x921.jpg",768,921,true],"large":["https:\/\/tiersine.com\/wp-content\/uploads\/2024\/06\/space-night-sky-mountains-5529802-854x1024.jpg",854,1024,true],"1536x1536":["https:\/\/tiersine.com\/wp-content\/uploads\/2024\/06\/space-night-sky-mountains-5529802.jpg",1067,1280,false],"2048x2048":["https:\/\/tiersine.com\/wp-content\/uploads\/2024\/06\/space-night-sky-mountains-5529802.jpg",1067,1280,false],"woocommerce_thumbnail":["https:\/\/tiersine.com\/wp-content\/uploads\/2024\/06\/space-night-sky-mountains-5529802-300x300.jpg",300,300,true],"woocommerce_single":["https:\/\/tiersine.com\/wp-content\/uploads\/2024\/06\/space-night-sky-mountains-5529802-600x720.jpg",600,720,true],"woocommerce_gallery_thumbnail":["https:\/\/tiersine.com\/wp-content\/uploads\/2024\/06\/space-night-sky-mountains-5529802-100x100.jpg",100,100,true]},"uagb_author_info":{"display_name":"Yogini","author_link":"https:\/\/tiersine.com\/?author=0"},"uagb_comment_info":0,"uagb_excerpt":"The natal chart is a map of the sky at the exact moment and location of your birth, offering insights into various aspects your personality, strengths and weaknesses, life path and karmic patterns. After payment, you will be sent a calendar to make an appointment with me, and I will also ask you for your&hellip;","_links":{"self":[{"href":"https:\/\/tiersine.com\/index.php?rest_route=\/wp\/v2\/product\/1512","targetHints":{"allow":["GET"]}}],"collection":[{"href":"https:\/\/tiersine.com\/index.php?rest_route=\/wp\/v2\/product"}],"about":[{"href":"https:\/\/tiersine.com\/index.php?rest_route=\/wp\/v2\/types\/product"}],"wp:featuredmedia":[{"embeddable":true,"href":"https:\/\/tiersine.com\/index.php?rest_route=\/wp\/v2\/media\/1534"}],"wp:attachment":[{"href":"https:\/\/tiersine.com\/index.php?rest_route=%2Fwp%2Fv2%2Fmedia&parent=1512"}],"wp:term":[{"taxonomy":"product_brand","embeddable":true,"href":"https:\/\/tiersine.com\/index.php?rest_route=%2Fwp%2Fv2%2Fproduct_brand&post=1512"},{"taxonomy":"product_cat","embeddable":true,"href":"https:\/\/tiersine.com\/index.php?rest_route=%2Fwp%2Fv2%2Fproduct_cat&post=1512"},{"taxonomy":"product_tag","embeddable":true,"href":"https:\/\/tiersine.com\/index.php?rest_route=%2Fwp%2Fv2%2Fproduct_tag&post=1512"}],"curies":[{"name":"wp","href":"https:\/\/api.w.org\/{rel}","templated":true}]}}