{"id":1515,"date":"2024-06-30T02:48:55","date_gmt":"2024-06-30T00:48:55","guid":{"rendered":"https:\/\/tiersine.com\/?post_type=product&#038;p=1515"},"modified":"2024-07-25T19:23:00","modified_gmt":"2024-07-25T17:23:00","slug":"astrology-synastry","status":"publish","type":"product","link":"https:\/\/tiersine.com\/?product=astrology-synastry","title":{"rendered":"Astrology &#8211; synastry \/ astrologie &#8211; synastrie"},"content":{"rendered":"<p>Exploring the Cosmic Connection Between Two Charts.<br \/>\nAstrology synastry is a fascinating branch of astrology that focuses on the interactions between the natal charts of two individuals to gain insights into the dynamics of a relationship, be it romantic, platonic, familial, or professional. Synastry helps uncover the potential strengths and challenges within a relationship, offering a deeper understanding of how two people might connect, communicate, and grow together.<br \/>\nAfter payment, you will be sent a calendar to make an appointment with me, and I will also ask you for your birth details.<\/p>\n<p>Exploration de la connexion cosmique entre deux th\u00e8mes astraux.<br \/>\nLes synastries en astrologie sont une \u00e9tude passionnante de deux th\u00e8mes individuels qui permet d&#8217;explorer l&#8217;entente et la dynamique dans une relation entre deux personnes dans le domaine sentimental, familial, professionnel etc.<br \/>\nLes synastries aident donc \u00e0 conna\u00eetre les forces et faiblesses dans une relation, afin de pouvoir explorer la dynamique propre aux deux individus concern\u00e9s, ce qui permet une meilleure communication et croissance mutuelle.<br \/>\n<span style=\"font-size: 16px;\">Apr\u00e8s le paiement, vous recevrez un calendrier pour prendre rendez-vous, et je vous demanderai \u00e9galement vos coordonn\u00e9es de naissance.\u00a0<\/span><\/p>\n","protected":false},"excerpt":{"rendered":"<p>Exploring the Cosmic Connection Between Two Charts.<br \/>\nAstrology synastry is a fascinating branch of astrology that focuses on the interactions between the natal charts of two individuals to gain insights into the dynamics of a relationship, be it romantic, platonic, familial, or professional. Synastry helps uncover the potential strengths and challenges within a relationship, offering a deeper understanding of how two people might connect, communicate, and grow together.<br \/>\nAfter payment, you will be sent a calendar to make an appointment with me, and I will also ask you for your birth details.<\/p>\n<p>Exploration de la connexion cosmique entre deux th\u00e8mes astraux.<br \/>\nLes synastries en astrologie sont une \u00e9tude passionnante de deux th\u00e8mes individuels qui permet d&#8217;explorer l&#8217;entente et la dynamique dans une relation entre deux personnes dans le domaine sentimental, familial, professionnel etc.<br \/>\nLes synastries aident donc \u00e0 conna\u00eetre les forces et faiblesses dans une relation, afin de pouvoir explorer la dynamique propre aux deux individus concern\u00e9s, ce qui permet une meilleure communication et croissance mutuelle.<br \/>\n<span style=\"font-size: 16px;\">Apr\u00e8s le paiement, vous recevrez un calendrier pour prendre rendez-vous, et je vous demanderai \u00e9galement vos coordonn\u00e9es de naissance.\u00a0<\/span><\/p>\n","protected":false},"featured_media":1530,"template":"","meta":{"_uag_custom_page_level_css":"","_monsterinsights_skip_tracking":false,"_monsterinsights_sitenote_active":false,"_monsterinsights_sitenote_note":"","_monsterinsights_sitenote_category":0,"_uf_show_specific_survey":0,"_uf_disable_surveys":false,"site-sidebar-layout":"default","site-content-layout":"","ast-site-content-layout":"default","site-content-style":"default","site-sidebar-style":"default","ast-global-header-display":"","ast-banner-title-visibility":"","ast-main-header-display":"","ast-hfb-above-header-display":"","ast-hfb-below-header-display":"","ast-hfb-mobile-header-display":"","site-post-title":"","ast-breadcrumbs-content":"","ast-featured-img":"","footer-sml-layout":"","theme-transparent-header-meta":"default","adv-header-id-meta":"","stick-header-meta":"","header-above-stick-meta":"","header-main-stick-meta":"","header-below-stick-meta":"","astra-migrate-meta-layouts":"set","ast-page-background-enabled":"default","ast-page-background-meta":{"desktop":{"background-color":"var(--ast-global-color-4)","background-image":"","background-repeat":"repeat","background-position":"center center","background-size":"auto","background-attachment":"scroll","background-type":"","background-media":"","overlay-type":"","overlay-color":"","overlay-opacity":"","overlay-gradient":""},"tablet":{"background-color":"","background-image":"","background-repeat":"repeat","background-position":"center center","background-size":"auto","background-attachment":"scroll","background-type":"","background-media":"","overlay-type":"","overlay-color":"","overlay-opacity":"","overlay-gradient":""},"mobile":{"background-color":"","background-image":"","background-repeat":"repeat","background-position":"center center","background-size":"auto","background-attachment":"scroll","background-type":"","background-media":"","overlay-type":"","overlay-color":"","overlay-opacity":"","overlay-gradient":""}},"ast-content-background-meta":{"desktop":{"background-color":"var(--ast-global-color-5)","background-image":"","background-repeat":"repeat","background-position":"center center","background-size":"auto","background-attachment":"scroll","background-type":"","background-media":"","overlay-type":"","overlay-color":"","overlay-opacity":"","overlay-gradient":""},"tablet":{"background-color":"var(--ast-global-color-5)","background-image":"","background-repeat":"repeat","background-position":"center center","background-size":"auto","background-attachment":"scroll","background-type":"","background-media":"","overlay-type":"","overlay-color":"","overlay-opacity":"","overlay-gradient":""},"mobile":{"background-color":"var(--ast-global-color-5)","background-image":"","background-repeat":"repeat","background-position":"center center","background-size":"auto","background-attachment":"scroll","background-type":"","background-media":"","overlay-type":"","overlay-color":"","overlay-opacity":"","overlay-gradient":""}}},"product_brand":[],"product_cat":[15],"product_tag":[],"class_list":{"0":"post-1515","1":"product","2":"type-product","3":"status-publish","4":"has-post-thumbnail","6":"product_cat-non-classe","7":"desktop-align-left","8":"tablet-align-left","9":"mobile-align-left","11":"first","12":"instock","13":"virtual","14":"purchasable","15":"product-type-simple"},"aioseo_notices":[],"uagb_featured_image_src":{"full":["https:\/\/tiersine.com\/wp-content\/uploads\/2024\/06\/zodiac-stars-astrology-4709196.png",1275,1280,false],"thumbnail":["https:\/\/tiersine.com\/wp-content\/uploads\/2024\/06\/zodiac-stars-astrology-4709196-150x150.png",150,150,true],"medium":["https:\/\/tiersine.com\/wp-content\/uploads\/2024\/06\/zodiac-stars-astrology-4709196-300x300.png",300,300,true],"medium_large":["https:\/\/tiersine.com\/wp-content\/uploads\/2024\/06\/zodiac-stars-astrology-4709196-768x771.png",768,771,true],"large":["https:\/\/tiersine.com\/wp-content\/uploads\/2024\/06\/zodiac-stars-astrology-4709196-1020x1024.png",1020,1024,true],"1536x1536":["https:\/\/tiersine.com\/wp-content\/uploads\/2024\/06\/zodiac-stars-astrology-4709196.png",1275,1280,false],"2048x2048":["https:\/\/tiersine.com\/wp-content\/uploads\/2024\/06\/zodiac-stars-astrology-4709196.png",1275,1280,false],"woocommerce_thumbnail":["https:\/\/tiersine.com\/wp-content\/uploads\/2024\/06\/zodiac-stars-astrology-4709196-300x300.png",300,300,true],"woocommerce_single":["https:\/\/tiersine.com\/wp-content\/uploads\/2024\/06\/zodiac-stars-astrology-4709196-600x602.png",600,602,true],"woocommerce_gallery_thumbnail":["https:\/\/tiersine.com\/wp-content\/uploads\/2024\/06\/zodiac-stars-astrology-4709196-100x100.png",100,100,true]},"uagb_author_info":{"display_name":"Yogini","author_link":"https:\/\/tiersine.com\/?author=0"},"uagb_comment_info":0,"uagb_excerpt":"Exploring the Cosmic Connection Between Two Charts. Astrology synastry is a fascinating branch of astrology that focuses on the interactions between the natal charts of two individuals to gain insights into the dynamics of a relationship, be it romantic, platonic, familial, or professional. Synastry helps uncover the potential strengths and challenges within a relationship, offering&hellip;","_links":{"self":[{"href":"https:\/\/tiersine.com\/index.php?rest_route=\/wp\/v2\/product\/1515","targetHints":{"allow":["GET"]}}],"collection":[{"href":"https:\/\/tiersine.com\/index.php?rest_route=\/wp\/v2\/product"}],"about":[{"href":"https:\/\/tiersine.com\/index.php?rest_route=\/wp\/v2\/types\/product"}],"wp:featuredmedia":[{"embeddable":true,"href":"https:\/\/tiersine.com\/index.php?rest_route=\/wp\/v2\/media\/1530"}],"wp:attachment":[{"href":"https:\/\/tiersine.com\/index.php?rest_route=%2Fwp%2Fv2%2Fmedia&parent=1515"}],"wp:term":[{"taxonomy":"product_brand","embeddable":true,"href":"https:\/\/tiersine.com\/index.php?rest_route=%2Fwp%2Fv2%2Fproduct_brand&post=1515"},{"taxonomy":"product_cat","embeddable":true,"href":"https:\/\/tiersine.com\/index.php?rest_route=%2Fwp%2Fv2%2Fproduct_cat&post=1515"},{"taxonomy":"product_tag","embeddable":true,"href":"https:\/\/tiersine.com\/index.php?rest_route=%2Fwp%2Fv2%2Fproduct_tag&post=1515"}],"curies":[{"name":"wp","href":"https:\/\/api.w.org\/{rel}","templated":true}]}}